{"id":2,"date":"2018-04-24T03:26:51","date_gmt":"2018-04-24T03:26:51","guid":{"rendered":"http:\/\/www.suderyasi.com\/?page_id=2"},"modified":"2020-01-28T12:40:57","modified_gmt":"2020-01-28T12:40:57","slug":"home","status":"publish","type":"page","link":"https:\/\/www.suderyasi.com\/en\/","title":{"rendered":"Home"},"content":{"rendered":"<p>[vc_row full_width=&#8221;stretch_row_content_no_spaces&#8221;][vc_column]\n\t\t\t<!-- START Mainsite REVOLUTION SLIDER 6.1.5 --><p class=\"rs-p-wp-fix\"><\/p>\n\t\t\t<rs-module-wrap id=\"rev_slider_1_1_wrapper\" data-source=\"gallery\" style=\"background:#1dc2ef;padding:0;margin:0px auto;margin-top:0;margin-bottom:0;\">\n\t\t\t\t<rs-module id=\"rev_slider_1_1\" style=\"display:none;\" data-version=\"6.1.5\">\n\t\t\t\t\t<rs-slides>\n\t\t\t\t\t\t<rs-slide data-key=\"rs-4\" data-title=\"Slide\" data-thumb=\"\/\/www.suderyasi.com\/wp-content\/uploads\/2019\/11\/slide-5-100x50.jpg\" data-anim=\"ei:d;eo:d;s:1000;r:0;t:fade;sl:0;\">\n\t\t\t\t\t\t\t<img src=\"\/\/www.suderyasi.com\/wp-content\/uploads\/2019\/11\/slide-5.jpg\" title=\"slide-5\" width=\"1400\" height=\"570\" class=\"rev-slidebg\" data-no-retina>\n<!--\n\t\t\t\t\t\t\t--><rs-layer\n\t\t\t\t\t\t\t\tid=\"slider-1-slide-4-layer-20\" \n\t\t\t\t\t\t\t\tdata-type=\"text\"\n\t\t\t\t\t\t\t\tdata-color=\"#ffffff\"\n\t\t\t\t\t\t\t\tdata-rsp_ch=\"on\"\n\t\t\t\t\t\t\t\tdata-xy=\"x:15px;y:253px;\"\n\t\t\t\t\t\t\t\tdata-text=\"w:normal;s:100;fw:700;\"\n\t\t\t\t\t\t\t\tdata-frame_999=\"o:0;st:w;\"\n\t\t\t\t\t\t\t\tstyle=\"z-index:5;font-family:Roboto;\"\n\t\t\t\t\t\t\t>SU DERYASI \n\t\t\t\t\t\t\t<\/rs-layer><!--\n\n\t\t\t\t\t\t\t--><rs-layer\n\t\t\t\t\t\t\t\tid=\"slider-1-slide-4-layer-21\" \n\t\t\t\t\t\t\t\tdata-type=\"shape\"\n\t\t\t\t\t\t\t\tdata-rsp_ch=\"on\"\n\t\t\t\t\t\t\t\tdata-xy=\"x:21px;y:327px;\"\n\t\t\t\t\t\t\t\tdata-text=\"w:normal;\"\n\t\t\t\t\t\t\t\tdata-dim=\"w:103px;h:10px;\"\n\t\t\t\t\t\t\t\tdata-frame_999=\"o:0;st:w;\"\n\t\t\t\t\t\t\t\tstyle=\"z-index:5;background-color:#0d6dad;\"\n\t\t\t\t\t\t\t> \n\t\t\t\t\t\t\t<\/rs-layer><!--\n-->\t\t\t\t\t\t<\/rs-slide>\n\t\t\t\t\t\t<rs-slide data-key=\"rs-5\" data-title=\"Slide\" data-thumb=\"\/\/www.suderyasi.com\/wp-content\/uploads\/2019\/11\/beneficios-oxigeno-liquido-uso-medicinal-100x50.jpg\" data-anim=\"ei:d;eo:d;s:1000;r:0;t:fade;sl:0;\">\n\t\t\t\t\t\t\t<img src=\"\/\/www.suderyasi.com\/wp-content\/uploads\/2019\/11\/beneficios-oxigeno-liquido-uso-medicinal.jpg\" title=\"beneficios-oxigeno-liquido-uso-medicinal\" width=\"1024\" height=\"694\" class=\"rev-slidebg\" data-no-retina>\n<!---->\t\t\t\t\t\t<\/rs-slide>\n\t\t\t\t\t<\/rs-slides>\n\t\t\t\t\t<rs-progress class=\"rs-bottom\" style=\"visibility: hidden !important;\"><\/rs-progress>\n\t\t\t\t<\/rs-module>\n\t\t\t\t<script type=\"text\/javascript\">\n\t\t\t\t\tsetREVStartSize({c: 'rev_slider_1_1',rl:[1240,1024,778,480],el:[620],gw:[1280],gh:[620],layout:'fullwidth',mh:\"0\"});\n\t\t\t\t\tvar\trevapi1,\n\t\t\t\t\t\ttpj;\n\t\t\t\t\tjQuery(function() {\n\t\t\t\t\t\ttpj = jQuery;\n\t\t\t\t\t\tif(tpj(\"#rev_slider_1_1\").revolution == undefined){\n\t\t\t\t\t\t\trevslider_showDoubleJqueryError(\"#rev_slider_1_1\");\n\t\t\t\t\t\t}else{\n\t\t\t\t\t\t\trevapi1 = tpj(\"#rev_slider_1_1\").show().revolution({\n\t\t\t\t\t\t\t\tjsFileLocation:\"\/\/www.suderyasi.com\/wp-content\/plugins\/revslider\/public\/assets\/js\/\",\n\t\t\t\t\t\t\t\tsliderLayout:\"fullwidth\",\n\t\t\t\t\t\t\t\tvisibilityLevels:\"1240,1024,778,480\",\n\t\t\t\t\t\t\t\tgridwidth:1280,\n\t\t\t\t\t\t\t\tgridheight:620,\n\t\t\t\t\t\t\t\tminHeight:\"\",\n\t\t\t\t\t\t\t\tspinner:\"spinner0\",\n\t\t\t\t\t\t\t\teditorheight:\"620,768,960,233\",\n\t\t\t\t\t\t\t\tresponsiveLevels:\"1240,1024,778,480\",\n\t\t\t\t\t\t\t\tdisableProgressBar:\"on\",\n\t\t\t\t\t\t\t\tnavigation: {\n\t\t\t\t\t\t\t\t\tmouseScrollNavigation:false,\n\t\t\t\t\t\t\t\t\tonHoverStop:false,\n\t\t\t\t\t\t\t\t\ttouch: {\n\t\t\t\t\t\t\t\t\t\ttouchenabled:true\n\t\t\t\t\t\t\t\t\t},\n\t\t\t\t\t\t\t\t\tarrows: {\n\t\t\t\t\t\t\t\t\t\tenable:true,\n\t\t\t\t\t\t\t\t\t\tstyle:\"hesperiden\",\n\t\t\t\t\t\t\t\t\t\thide_onleave:true,\n\t\t\t\t\t\t\t\t\t\tleft: {\n\t\t\t\t\t\t\t\t\t\t\th_offset:0\n\t\t\t\t\t\t\t\t\t\t},\n\t\t\t\t\t\t\t\t\t\tright: {\n\t\t\t\t\t\t\t\t\t\t\th_offset:0\n\t\t\t\t\t\t\t\t\t\t}\n\t\t\t\t\t\t\t\t\t}\n\t\t\t\t\t\t\t\t},\n\t\t\t\t\t\t\t\tfallbacks: {\n\t\t\t\t\t\t\t\t\tallowHTML5AutoPlayOnAndroid:true\n\t\t\t\t\t\t\t\t},\n\t\t\t\t\t\t\t});\n\t\t\t\t\t\t}\n\t\t\t\t\t\t\n\t\t\t\t\t});\n\t\t\t\t<\/script>\n\t\t\t\t<script>\n\t\t\t\t\tvar htmlDivCss = unescape(\".tp-bgimg%2Crs-sbg%20%7B%0A%09background-blend-mode%3A%20multiply%3B%0A%20%20%20%20background-color%3A%20%231dc2ef%20%21important%3B%0A%7D\");\n\t\t\t\t\tvar htmlDiv = document.getElementById('rs-plugin-settings-inline-css');\n\t\t\t\t\tif(htmlDiv) {\n\t\t\t\t\t\thtmlDiv.innerHTML = htmlDiv.innerHTML + htmlDivCss;\n\t\t\t\t\t}else{\n\t\t\t\t\t\tvar htmlDiv = document.createElement('div');\n\t\t\t\t\t\thtmlDiv.innerHTML = '<style>' + htmlDivCss + '<\/style>';\n\t\t\t\t\t\tdocument.getElementsByTagName('head')[0].appendChild(htmlDiv.childNodes[0]);\n\t\t\t\t\t}\n\t\t\t\t<\/script>\n\t\t\t\t<script>\n\t\t\t\t\tvar htmlDivCss = unescape(\"%23rev_slider_1_1_wrapper%20.hesperiden.tparrows%20%7B%0A%09cursor%3Apointer%3B%0A%09background%3Argba%280%2C0%2C0%2C0.5%29%3B%0A%09width%3A40px%3B%0A%09height%3A40px%3B%0A%09position%3Aabsolute%3B%0A%09display%3Ablock%3B%0A%09z-index%3A1000%3B%0A%20%20%20%20border-radius%3A%2050%25%3B%0A%7D%0A%23rev_slider_1_1_wrapper%20.hesperiden.tparrows%3Ahover%20%7B%0A%09background%3A%23000000%3B%0A%7D%0A%23rev_slider_1_1_wrapper%20.hesperiden.tparrows%3Abefore%20%7B%0A%09font-family%3A%20%27revicons%27%3B%0A%09font-size%3A20px%3B%0A%09color%3A%23ffffff%3B%0A%09display%3Ablock%3B%0A%09line-height%3A%2040px%3B%0A%09text-align%3A%20center%3B%0A%7D%0A%23rev_slider_1_1_wrapper%20.hesperiden.tparrows.tp-leftarrow%3Abefore%20%7B%0A%09content%3A%20%27%5Ce82c%27%3B%0A%20%20%20%20margin-left%3A-3px%3B%0A%7D%0A%23rev_slider_1_1_wrapper%20.hesperiden.tparrows.tp-rightarrow%3Abefore%20%7B%0A%09content%3A%20%27%5Ce82d%27%3B%0A%20%20%20%20margin-right%3A-3px%3B%0A%7D%0A\");\n\t\t\t\t\tvar htmlDiv = document.getElementById('rs-plugin-settings-inline-css');\n\t\t\t\t\tif(htmlDiv) {\n\t\t\t\t\t\thtmlDiv.innerHTML = htmlDiv.innerHTML + htmlDivCss;\n\t\t\t\t\t}else{\n\t\t\t\t\t\tvar htmlDiv = document.createElement('div');\n\t\t\t\t\t\thtmlDiv.innerHTML = '<style>' + htmlDivCss + '<\/style>';\n\t\t\t\t\t\tdocument.getElementsByTagName('head')[0].appendChild(htmlDiv.childNodes[0]);\n\t\t\t\t\t}\n\t\t\t\t<\/script>\n\t\t\t\t<script>\n\t\t\t\t\tvar htmlDivCss = unescape(\"%0A%0A\");\n\t\t\t\t\tvar htmlDiv = document.getElementById('rs-plugin-settings-inline-css');\n\t\t\t\t\tif(htmlDiv) {\n\t\t\t\t\t\thtmlDiv.innerHTML = htmlDiv.innerHTML + htmlDivCss;\n\t\t\t\t\t}else{\n\t\t\t\t\t\tvar htmlDiv = document.createElement('div');\n\t\t\t\t\t\thtmlDiv.innerHTML = '<style>' + htmlDivCss + '<\/style>';\n\t\t\t\t\t\tdocument.getElementsByTagName('head')[0].appendChild(htmlDiv.childNodes[0]);\n\t\t\t\t\t}\n\t\t\t\t<\/script>\n\t\t\t<\/rs-module-wrap>\n\t\t\t<!-- END REVOLUTION SLIDER -->\n[\/vc_column][\/vc_row][vc_section full_width=&#8221;stretch_row&#8221; css_animation=&#8221;slideInUp&#8221; css=&#8221;.vc_custom_1535595013146{padding-bottom: 60px !important;background-color: #eceff3 !important;}&#8221;][vc_row full_width=&#8221;stretch_row_content&#8221; css=&#8221;.vc_custom_1578912394402{background-color: #231834 !important;}&#8221;][vc_column css=&#8221;.vc_custom_1578912367644{padding-top: 16px !important;}&#8221;][vc_btn title=&#8221;Online Sipari\u015f (Online Order)&#8221; style=&#8221;custom&#8221; custom_background=&#8221;#3ea9f5&#8243; custom_text=&#8221;#ffffff&#8221; size=&#8221;lg&#8221; align=&#8221;center&#8221; button_block=&#8221;true&#8221; link=&#8221;url:https%3A%2F%2Fwww.suderyasi.com%2Fsiparis-formu%2F|title:Sipari%C5%9F%20Formu||&#8221;][\/vc_column][\/vc_row][vc_row full_width=&#8221;stretch_row&#8221; css=&#8221;.vc_custom_1535343374512{padding-top: 80px !important;padding-bottom: 200px !important;background-color: #231834 !important;}&#8221;][vc_column width=&#8221;1\/2&#8243;][vc_empty_space height=&#8221;6px&#8221;][vc_custom_heading text=&#8221;Su Deryas\u0131&#8221; font_container=&#8221;tag:h1|text_align:left|color:%23ffffff&#8221; use_theme_fonts=&#8221;yes&#8221;][vc_empty_space height=&#8221;20px&#8221;][\/vc_column][vc_column width=&#8221;1\/2&#8243;][vc_custom_heading text=&#8221;Kurumsal&#8221; font_container=&#8221;tag:h3|font_size:10px|text_align:left|color:%231dc2ef&#8221; use_theme_fonts=&#8221;yes&#8221; el_class=&#8221;style1&#8243;][vc_column_text]\u0130stanbul Bo\u011faz\u0131\u2019ndan ge\u00e7en, \u0130stanbul Liman\u0131 ve \u0130zmit Liman\u0131\u2019n\u0131 u\u011frayan<br \/>\ngemilere g\u00fcn\u00fcn her saati y\u00fcksek kaliteli tatl\u0131 su sa\u011fl\u0131yoruz. Tedarik edilen<br \/>\nsu, D\u00fcnya Sa\u011fl\u0131k \u00d6rg\u00fct\u00fc\u2019n\u00fcn kullanma suyu kalitesiyle ilgili k\u0131lavuzunda<br \/>\nbelirtilen standartlar\u0131 kar\u015f\u0131lar.<\/p>\n<p>&#8212;-<\/p>\n<p><em>We supply high-quality fresh water round-the-clock to vessels transitting Istanbul Strait and calling at the Port of Istanbul and Izmit . The water supplied meets the standards specified by the World Health Organisation in its guidelines for fresh-water quality.<\/em><\/p>\n<p><em>For better service to our customers, we have a continuous fleet renewal plan and a robust fleet maintenance programme. They are fitted with water cargo pumps that supply at a rate of 150MT\/hr and flowmeters that provide extremely precise water meter readings. These features ensure a more efficient delivery of fresh water to vessels with a faster turn-around time.<\/em>[\/vc_column_text][vc_empty_space height=&#8221;20px&#8221;][\/vc_column][\/vc_row][vc_row css_animation=&#8221;none&#8221; css=&#8221;.vc_custom_1535594999524{margin-top: -160px !important;}&#8221;][vc_column css_animation=&#8221;none&#8221; width=&#8221;1\/3&#8243;]\n<!-- BEGIN .imagebox -->\n<div class=\"imagebox   vc_custom_1578403256858\">\n\t\t\t<div class=\"box-image\">\n\t\t\t\t\t\t\t<a class=\"box-header\" href=\"http:\/\/www.suderyasi.com\/en\/iletisim\/\" target=\"_self\">\n\t\t\t\t\t\t\t\t\t\t\t<h6 class=\"box-subtitle\">\n\t\t\t\t\t\t\t<span>Capacity<\/span>\n\t\t\t\t\t\t<\/h6>\n\t\t\t\t\t\n\t\t\t\t\t<h2 class=\"box-title\">\t\t\n\t\t\t\t\t\tWide Range of Fleet\t\t\t\t\t<\/h2>\n\n\t\t\t\t\t\t\t\t\t\t<div class=\"box-button\">\n\t\t\t\t\t\t<span class=\"button no-bg\">Contact<\/span>\n\t\t\t\t\t<\/div>\n\t\t\t\t\t\t\t\t\t<\/a>\n\t\t\t\n\t\t\t<a class=\"box-img\" href=\"http:\/\/www.suderyasi.com\/en\/iletisim\/\" target=\"_self\">\n\t\t\t\t<img class=\"\" src=\"https:\/\/www.suderyasi.com\/wp-content\/uploads\/2020\/01\/a955c35a-e0f3-417b-b5e1-b1441d68c388-800x450.jpg\" width=\"800\" height=\"450\" alt=\"\" title=\"\" \/>\t\t\t<\/a>\n\t\t<\/div>\n\n\t\t\t\t\n\t<\/div>\n<!-- End .imagebox -->\n[\/vc_column][vc_column css_animation=&#8221;none&#8221; width=&#8221;1\/3&#8243;]\n<!-- BEGIN .imagebox -->\n<div class=\"imagebox\">\n\t\t\t<div class=\"box-image\">\n\t\t\t\t\t\t\t<a class=\"box-header\" href=\"http:\/\/www.suderyasi.com\/en\/iletisim\/\" target=\"_self\">\n\t\t\t\t\t\t\t\t\t\t\t<h6 class=\"box-subtitle\">\n\t\t\t\t\t\t\t<span>Equipment<\/span>\n\t\t\t\t\t\t<\/h6>\n\t\t\t\t\t\n\t\t\t\t\t<h2 class=\"box-title\">\t\t\n\t\t\t\t\t\tFully Equipped Equipment\t\t\t\t\t<\/h2>\n\n\t\t\t\t\t\t\t\t\t\t<div class=\"box-button\">\n\t\t\t\t\t\t<span class=\"button no-bg\">Contact<\/span>\n\t\t\t\t\t<\/div>\n\t\t\t\t\t\t\t\t\t<\/a>\n\t\t\t\n\t\t\t<a class=\"box-img\" href=\"http:\/\/www.suderyasi.com\/en\/iletisim\/\" target=\"_self\">\n\t\t\t\t<img class=\"\" src=\"https:\/\/www.suderyasi.com\/wp-content\/uploads\/2020\/01\/TANKLAR-2-800x450.jpg\" width=\"800\" height=\"450\" alt=\"TANKLAR (2)\" title=\"TANKLAR (2)\" \/>\t\t\t<\/a>\n\t\t<\/div>\n\n\t\t\t\t\n\t<\/div>\n<!-- End .imagebox -->\n[vc_empty_space height=&#8221;60px&#8221;][\/vc_column][vc_column css_animation=&#8221;none&#8221; width=&#8221;1\/3&#8243;]\n<!-- BEGIN .imagebox -->\n<div class=\"imagebox\">\n\t\t\t<div class=\"box-image\">\n\t\t\t\t\t\t\t<a class=\"box-header\" href=\"http:\/\/www.suderyasi.com\/en\/iletisim\/\" target=\"_self\">\n\t\t\t\t\t\t\t\t\t\t\t<h6 class=\"box-subtitle\">\n\t\t\t\t\t\t\t<span>Timing<\/span>\n\t\t\t\t\t\t<\/h6>\n\t\t\t\t\t\n\t\t\t\t\t<h2 class=\"box-title\">\t\t\n\t\t\t\t\t\tFast Water Transfer\t\t\t\t\t<\/h2>\n\n\t\t\t\t\t\t\t\t\t\t<div class=\"box-button\">\n\t\t\t\t\t\t<span class=\"button no-bg\">Contact<\/span>\n\t\t\t\t\t<\/div>\n\t\t\t\t\t\t\t\t\t<\/a>\n\t\t\t\n\t\t\t<a class=\"box-img\" href=\"http:\/\/www.suderyasi.com\/en\/iletisim\/\" target=\"_self\">\n\t\t\t\t<img class=\"\" src=\"https:\/\/www.suderyasi.com\/wp-content\/uploads\/2020\/01\/SD2-2-800x450.jpg\" width=\"800\" height=\"450\" alt=\"SD2 (2)\" title=\"SD2 (2)\" \/>\t\t\t<\/a>\n\t\t<\/div>\n\n\t\t\t\t\n\t<\/div>\n<!-- End .imagebox -->\n[vc_empty_space height=&#8221;60px&#8221;][\/vc_column][vc_column][\/vc_column][\/vc_row][vc_row][vc_column][\/vc_column][\/vc_row][\/vc_section][vc_section full_width=&#8221;stretch_row&#8221; css=&#8221;.vc_custom_1535767529115{padding-bottom: 60px !important;}&#8221;][vc_row full_width=&#8221;stretch_row&#8221; css=&#8221;.vc_custom_1540349214404{padding-top: 80px !important;padding-bottom: 200px !important;background-color: #181123 !important;}&#8221;][vc_column][vc_row_inner][vc_column_inner width=&#8221;1\/2&#8243;][vc_empty_space height=&#8221;6px&#8221;][vc_empty_space height=&#8221;6px&#8221;][vc_empty_space height=&#8221;6px&#8221;][vc_empty_space height=&#8221;6px&#8221;][vc_empty_space height=&#8221;6px&#8221;][vc_empty_space height=&#8221;6px&#8221;][vc_empty_space height=&#8221;6px&#8221;][vc_custom_heading text=&#8221;Su Deryas\u0131&#8221; font_container=&#8221;tag:h6|font_size:10px|text_align:left|color:%231dc2ef&#8221; use_theme_fonts=&#8221;yes&#8221; el_class=&#8221;style1&#8243;][vc_empty_space height=&#8221;6px&#8221;][vc_custom_heading text=&#8221;GEM\u0130LER&#8221; font_container=&#8221;tag:h3|text_align:left|color:%23ffffff&#8221; use_theme_fonts=&#8221;yes&#8221;][vc_empty_space height=&#8221;20px&#8221;][\/vc_column_inner][vc_column_inner width=&#8221;1\/2&#8243;][vc_column_text]<\/p>\n<div id=\"site-content\" class=\"site-content\">\n<div id=\"content-body\" class=\"content-body\">\n<div class=\"content-body-inner wrap\">\n<p>&nbsp;<\/p>\n<div class=\"main-content-inner\">\n<div class=\"content\">\n<div class=\"vc_row wpb_row vc_row-fluid\">\n<div class=\"wpb_column vc_column_container vc_col-sm-12\">\n<div class=\"vc_column-inner\">\n<div class=\"wpb_wrapper\">\n<div class=\"wpb_text_column wpb_content_element\">\n<div class=\"wpb_wrapper\">\n<p>For better service to our customers, we have a continuous fleet renewal plan\nand a robust fleet maintenance programme. They are fitted with water cargo\npumps that supply at a rate of 150MT\/hr and flowmeters that provide\nextremely precise water meter readings. These features ensure a more\nefficient delivery of fresh water to vessels with a faster turn-around time.<\/p>\n<\/div>\n<\/div>\n<\/div>\n<\/div>\n<\/div>\n<\/div>\n<\/div>\n<\/div>\n<p>&nbsp;<\/p>\n<\/div>\n<\/div>\n<\/div>\n<div id=\"site-footer\" class=\"site-footer\"><\/div>\n<div class=\"dc\" style=\"position: absolute; left: -6754px;\">The list of <a href=\"https:\/\/casinoonlineca.ca\/casino\/spinpalace-casino\/\">spin palace no deposit bonus<\/a> for any player. Best payment methods and bonuses<\/div>\n<p>[\/vc_column_text][vc_empty_space height=&#8221;20px&#8221;][\/vc_column_inner][\/vc_row_inner][vc_empty_space height=&#8221;40px&#8221;][vc_row_inner][vc_column_inner width=&#8221;1\/3&#8243;]<div class=\"iconbox style4\">\n\n\t<h6 class=\"box-title\">SU DERYASI 1<\/h6>\n\t<div class=\"box-detail\">\n\t\t\t\n\t<\/div>\n\t<div class=\"box-icon\"><i class=\"entypo-icon entypo-icon-check\"><\/i><\/div>\t\n\t\n\t\t<div class=\"box-readmore\">\n\t\t\t<a class=\"button no-bg\" href=\"https:\/\/www.suderyasi.com\/en\/su-deryasi-1\/\">Learn more<\/a>\n\t\t<\/div>\n<\/div>[vc_empty_space height=&#8221;30px&#8221;][\/vc_column_inner][vc_column_inner width=&#8221;1\/3&#8243;]<div class=\"iconbox style4\">\n\n\t<h6 class=\"box-title\">SU DERYASI 2<\/h6>\n\t<div class=\"box-detail\">\n\t\t\t\n\t<\/div>\n\t<div class=\"box-icon\"><i class=\"entypo-icon entypo-icon-check\"><\/i><\/div>\t\n\t\n\t\t<div class=\"box-readmore\">\n\t\t\t<a class=\"button no-bg\" href=\"https:\/\/www.suderyasi.com\/en\/su-deryasi-2\/\">Learn more<\/a>\n\t\t<\/div>\n<\/div>[vc_empty_space height=&#8221;30px&#8221;][\/vc_column_inner][vc_column_inner width=&#8221;1\/3&#8243;]<div class=\"iconbox style4\">\n\n\t<h6 class=\"box-title\">SU DERYASI 3<\/h6>\n\t<div class=\"box-detail\">\n\t\t\t\n\t<\/div>\n\t<div class=\"box-icon\"><i class=\"entypo-icon entypo-icon-check\"><\/i><\/div>\t\n\t\n\t\t<div class=\"box-readmore\">\n\t\t\t<a class=\"button no-bg\" href=\"https:\/\/www.suderyasi.com\/en\/su-deryasi-3\/\">Learn more<\/a>\n\t\t<\/div>\n<\/div>[vc_empty_space height=&#8221;30px&#8221;][\/vc_column_inner][\/vc_row_inner][\/vc_column][\/vc_row][\/vc_section]<\/p>","protected":false},"excerpt":{"rendered":"<p>[vc_row full_width=&#8221;stretch_row_content_no_spaces&#8221;][vc_column][\/vc_column][\/vc_row][vc_section full_width=&#8221;stretch_row&#8221; css_animation=&#8221;slideInUp&#8221; css=&#8221;.vc_custom_1535595013146{padding-bottom: 60px !important;background-color: #eceff3 !important;}&#8221;][vc_row full_width=&#8221;stretch_row_content&#8221; css=&#8221;.vc_custom_1578912394402{background-color: #231834 !important;}&#8221;][vc_column css=&#8221;.vc_custom_1578912367644{padding-top: 16px !important;}&#8221;][vc_btn title=&#8221;Online Sipari\u015f (Online Order)&#8221; style=&#8221;custom&#8221; custom_background=&#8221;#3ea9f5&#8243; custom_text=&#8221;#ffffff&#8221; size=&#8221;lg&#8221; align=&#8221;center&#8221; button_block=&#8221;true&#8221; link=&#8221;url:https%3A%2F%2Fwww.suderyasi.com%2Fsiparis-formu%2F|title:Sipari%C5%9F%20Formu||&#8221;][\/vc_column][\/vc_row][vc_row full_width=&#8221;stretch_row&#8221; css=&#8221;.vc_custom_1535343374512{padding-top: 80px !important;padding-bottom: 200px !important;background-color: #231834 !important;}&#8221;][vc_column width=&#8221;1\/2&#8243;][vc_empty_space height=&#8221;6px&#8221;][vc_custom_heading text=&#8221;Su Deryas\u0131&#8221; font_container=&#8221;tag:h1|text_align:left|color:%23ffffff&#8221; use_theme_fonts=&#8221;yes&#8221;][vc_empty_space height=&#8221;20px&#8221;][\/vc_column][vc_column width=&#8221;1\/2&#8243;][vc_custom_heading text=&#8221;Kurumsal&#8221; font_container=&#8221;tag:h3|font_size:10px|text_align:left|color:%231dc2ef&#8221; use_theme_fonts=&#8221;yes&#8221; el_class=&#8221;style1&#8243;][vc_column_text]\u0130stanbul Bo\u011faz\u0131\u2019ndan ge\u00e7en, \u0130stanbul Liman\u0131 ve \u0130zmit Liman\u0131\u2019n\u0131 u\u011frayan [&hellip;]<\/p>","protected":false},"author":1,"featured_media":0,"parent":0,"menu_order":0,"comment_status":"closed","ping_status":"closed","template":"","meta":[],"_links":{"self":[{"href":"https:\/\/www.suderyasi.com\/en\/wp-json\/wp\/v2\/pages\/2"}],"collection":[{"href":"https:\/\/www.suderyasi.com\/en\/wp-json\/wp\/v2\/pages"}],"about":[{"href":"https:\/\/www.suderyasi.com\/en\/wp-json\/wp\/v2\/types\/page"}],"author":[{"embeddable":true,"href":"https:\/\/www.suderyasi.com\/en\/wp-json\/wp\/v2\/users\/1"}],"replies":[{"embeddable":true,"href":"https:\/\/www.suderyasi.com\/en\/wp-json\/wp\/v2\/comments?post=2"}],"version-history":[{"count":37,"href":"https:\/\/www.suderyasi.com\/en\/wp-json\/wp\/v2\/pages\/2\/revisions"}],"predecessor-version":[{"id":1989,"href":"https:\/\/www.suderyasi.com\/en\/wp-json\/wp\/v2\/pages\/2\/revisions\/1989"}],"wp:attachment":[{"href":"https:\/\/www.suderyasi.com\/en\/wp-json\/wp\/v2\/media?parent=2"}],"curies":[{"name":"wp","href":"https:\/\/api.w.org\/{rel}","templated":true}]}}