{"id":1997,"date":"2022-10-06T13:04:43","date_gmt":"2022-10-06T13:04:43","guid":{"rendered":"https:\/\/www.suderyasi.com\/?page_id=1997"},"modified":"2022-10-06T13:22:02","modified_gmt":"2022-10-06T13:22:02","slug":"is-basvurusu-job-application","status":"publish","type":"page","link":"https:\/\/www.suderyasi.com\/en\/is-basvurusu-job-application\/","title":{"rendered":"\u0130\u015f Ba\u015fvurusu (Job Application)"},"content":{"rendered":"<p>[vc_row][vc_column]<div role=\"form\" class=\"wpcf7\" id=\"wpcf7-f2001-o1\" lang=\"tr-TR\" dir=\"ltr\">\n<div class=\"screen-reader-response\"><\/div>\n<form action=\"\/en\/wp-json\/wp\/v2\/pages\/1997#wpcf7-f2001-o1\" method=\"post\" class=\"wpcf7-form\" enctype=\"multipart\/form-data\" novalidate=\"novalidate\" data-trp-original-action=\"\/en\/wp-json\/wp\/v2\/pages\/1997#wpcf7-f2001-o1\">\n<div style=\"display: none;\">\n<input type=\"hidden\" name=\"_wpcf7\" value=\"2001\" \/>\n<input type=\"hidden\" name=\"_wpcf7_version\" value=\"5.1.5\" \/>\n<input type=\"hidden\" name=\"_wpcf7_locale\" value=\"tr_TR\" \/>\n<input type=\"hidden\" name=\"_wpcf7_unit_tag\" value=\"wpcf7-f2001-o1\" \/>\n<input type=\"hidden\" name=\"_wpcf7_container_post\" value=\"0\" \/>\n<\/div>\n<div class=\"contact style2\">\n<table class=\"w100\">\n<tr>\n<td class=\"w200\"><label>Ad\u0131n\u0131z:<\/label><\/td>\n<\/tr>\n<tr>\n<td><span class=\"wpcf7-form-control-wrap text-1\"><input type=\"text\" name=\"text-1\" value=\"\" size=\"40\" class=\"wpcf7-form-control wpcf7-text wpcf7-validates-as-required w100\" aria-required=\"true\" aria-invalid=\"false\" \/><\/span><\/td>\n<\/tr>\n<tr>\n<td class=\"w200\"><label>Soyad\u0131n\u0131z:<\/label><\/td>\n<\/tr>\n<tr>\n<td> <span class=\"wpcf7-form-control-wrap text-2\"><input type=\"text\" name=\"text-2\" value=\"\" size=\"40\" class=\"wpcf7-form-control wpcf7-text wpcf7-validates-as-required w100\" aria-required=\"true\" aria-invalid=\"false\" \/><\/span><\/td>\n<\/tr>\n<tr>\n<td class=\"w200\"><label>Mailiniz:<\/label><\/td>\n<\/tr>\n<tr>\n<td><span class=\"wpcf7-form-control-wrap email-348\"><input type=\"email\" name=\"email-348\" value=\"\" size=\"40\" class=\"wpcf7-form-control wpcf7-text wpcf7-email wpcf7-validates-as-required wpcf7-validates-as-email w100\" aria-required=\"true\" aria-invalid=\"false\" \/><\/span><\/td>\n<\/tr>\n<tr>\n<td class=\"w200\"><label>Telefon Numaran\u0131z:<\/label><\/td>\n<\/tr>\n<tr>\n<td><span class=\"wpcf7-form-control-wrap tel-147\"><input type=\"tel\" name=\"tel-147\" value=\"\" size=\"40\" class=\"wpcf7-form-control wpcf7-text wpcf7-tel wpcf7-validates-as-required wpcf7-validates-as-tel w100\" aria-required=\"true\" aria-invalid=\"false\" \/><\/span><\/td>\n<\/tr>\n<tr>\n<td class=\"w200\"><label>Yeterlili\u011finiz:<\/label><\/td>\n<\/tr>\n<tr>\n<td><span class=\"wpcf7-form-control-wrap text-5\"><input type=\"text\" name=\"text-5\" value=\"\" size=\"40\" class=\"wpcf7-form-control wpcf7-text w100\" aria-invalid=\"false\" \/><\/span><\/td>\n<\/tr>\n<tr>\n<td ><label>Referanslar\u0131n\u0131z:<\/label><\/td>\n<\/tr>\n<tr>\n<td> <span class=\"wpcf7-form-control-wrap textarea-857\"><textarea name=\"textarea-857\" cols=\"40\" rows=\"10\" class=\"wpcf7-form-control wpcf7-textarea wpcf7-validates-as-required w100\" aria-required=\"true\" aria-invalid=\"false\"><\/textarea><\/span> <\/td>\n<\/tr>\n<tr>\n<td class=\"w200\" ><label>CV :<\/label><\/td>\n<\/tr>\n<tr>\n<td> <span class=\"wpcf7-form-control-wrap file-530\"><input type=\"file\" name=\"file-530\" size=\"40\" class=\"wpcf7-form-control wpcf7-file w100\" accept=\".jpg,.jpeg,.png,.gif,.pdf,.doc,.docx,.ppt,.pptx,.odt,.avi,.ogg,.m4a,.mov,.mp3,.mp4,.mpg,.wav,.wmv\" aria-invalid=\"false\" \/><\/span>  <\/td>\n<\/tr>\n<tr>\n<td colspan=\"2\"><input type=\"submit\" value=\"Send\" class=\"wpcf7-form-control wpcf7-submit primary\" \/><\/td>\n<\/tr>\n<\/table>\n<\/div>\n<style>\n    .w200 {\n        width: 200px;\n    }\n    .w100{\n        width:100%;\n    }\n<\/style>\n<div class=\"wpcf7-response-output wpcf7-display-none\"><\/div><input type=\"hidden\" name=\"trp-form-language\" value=\"en\"\/><\/form><\/div>[\/vc_column][\/vc_row]<\/p>","protected":false},"excerpt":{"rendered":"<p>[vc_row][vc_column][\/vc_column][\/vc_row]<\/p>","protected":false},"author":1,"featured_media":0,"parent":0,"menu_order":0,"comment_status":"closed","ping_status":"closed","template":"","meta":[],"_links":{"self":[{"href":"https:\/\/www.suderyasi.com\/en\/wp-json\/wp\/v2\/pages\/1997"}],"collection":[{"href":"https:\/\/www.suderyasi.com\/en\/wp-json\/wp\/v2\/pages"}],"about":[{"href":"https:\/\/www.suderyasi.com\/en\/wp-json\/wp\/v2\/types\/page"}],"author":[{"embeddable":true,"href":"https:\/\/www.suderyasi.com\/en\/wp-json\/wp\/v2\/users\/1"}],"replies":[{"embeddable":true,"href":"https:\/\/www.suderyasi.com\/en\/wp-json\/wp\/v2\/comments?post=1997"}],"version-history":[{"count":3,"href":"https:\/\/www.suderyasi.com\/en\/wp-json\/wp\/v2\/pages\/1997\/revisions"}],"predecessor-version":[{"id":2002,"href":"https:\/\/www.suderyasi.com\/en\/wp-json\/wp\/v2\/pages\/1997\/revisions\/2002"}],"wp:attachment":[{"href":"https:\/\/www.suderyasi.com\/en\/wp-json\/wp\/v2\/media?parent=1997"}],"curies":[{"name":"wp","href":"https:\/\/api.w.org\/{rel}","templated":true}]}}